{"id":23599,"date":"2018-11-15T14:49:10","date_gmt":"2018-11-15T13:49:10","guid":{"rendered":"https:\/\/zweenhalb.de\/recommendations\/"},"modified":"2022-05-03T14:26:51","modified_gmt":"2022-05-03T12:26:51","slug":"recommendations","status":"publish","type":"page","link":"https:\/\/zweenhalb.de\/en\/recommendations\/","title":{"rendered":"recommendations"},"content":{"rendered":"<p><div class=\"fusion-fullwidth fullwidth-box fusion-builder-row-1 nonhundred-percent-fullwidth non-hundred-percent-height-scrolling\" style=\"--awb-border-radius-top-left:0px;--awb-border-radius-top-right:0px;--awb-border-radius-bottom-right:0px;--awb-border-radius-bottom-left:0px;--awb-flex-wrap:wrap;\" ><div class=\"fusion-builder-row fusion-row\"><div class=\"fusion-layout-column fusion_builder_column fusion-builder-column-0 fusion_builder_column_1_1 1_1 fusion-one-full fusion-column-first fusion-column-last\" style=\"--awb-bg-size:cover;\"><div class=\"fusion-column-wrapper fusion-flex-column-wrapper-legacy\"><div class=\"fusion-title title fusion-title-1 fusion-title-text fusion-title-size-one\" style=\"--awb-margin-top-small:0px;--awb-margin-right-small:0px;--awb-margin-bottom-small:20px;--awb-margin-left-small:0px;\"><h1 class=\"fusion-title-heading title-heading-left\" style=\"margin:0;\">Empfehlungen:<\/h1><span class=\"awb-title-spacer\"><\/span><div class=\"title-sep-container\"><div class=\"title-sep sep-double sep-solid\" style=\"border-color:#e0dede;\"><\/div><\/div><\/div><div class=\"fusion-clearfix\"><\/div><\/div><\/div><\/div><\/div><div class=\"fusion-fullwidth fullwidth-box fusion-builder-row-2 nonhundred-percent-fullwidth non-hundred-percent-height-scrolling\" style=\"--awb-border-radius-top-left:0px;--awb-border-radius-top-right:0px;--awb-border-radius-bottom-right:0px;--awb-border-radius-bottom-left:0px;--awb-flex-wrap:wrap;\" ><div class=\"fusion-builder-row fusion-row\"><div class=\"fusion-layout-column fusion_builder_column fusion-builder-column-1 fusion_builder_column_1_3 1_3 fusion-one-third fusion-column-first\" style=\"--awb-bg-size:cover;width:33.333333333333%;width:calc(33.333333333333% - ( ( 4% + 4% ) * 0.33333333333333 ) );margin-right: 4%;\"><div class=\"fusion-column-wrapper fusion-flex-column-wrapper-legacy\"><div class=\"fusion-text fusion-text-1\"><p><a href=\"https:\/\/fleischrebellen.de\/\" target=\"_blank\" rel=\"noopener\"><img decoding=\"async\" class=\"aligncenter wp-image-21913 size-full\" src=\"https:\/\/zweenhalb.de\/wp-content\/uploads\/2018\/11\/logo_03.png\" alt=\"\" width=\"532\" height=\"243\" srcset=\"https:\/\/zweenhalb.de\/wp-content\/uploads\/2018\/11\/logo_03-200x91.png 200w, https:\/\/zweenhalb.de\/wp-content\/uploads\/2018\/11\/logo_03-300x137.png 300w, https:\/\/zweenhalb.de\/wp-content\/uploads\/2018\/11\/logo_03-400x183.png 400w, https:\/\/zweenhalb.de\/wp-content\/uploads\/2018\/11\/logo_03-500x228.png 500w, https:\/\/zweenhalb.de\/wp-content\/uploads\/2018\/11\/logo_03.png 532w\" sizes=\"(max-width: 532px) 100vw, 532px\" \/><\/a><\/p>\n<ul>\n<li>Nur das beste Fleisch<\/li>\n<li>T\u00e4glich frisch portioniert<\/li>\n<li>Zu Deiner Wunschzeit pers\u00f6nlich geliefert<\/li>\n<li>Ehrlich kalkulierte Preise<\/li>\n<li>Keine K\u00fchlmittel \u2013 kein Styropor \u2013 kein Verpackungsm\u00fcll<\/li>\n<\/ul>\n<\/div><div class=\"fusion-text fusion-text-2\"><p><a href=\"https:\/\/www.maister-bbq.de\/\" target=\"_blank\" rel=\"noopener\"><img decoding=\"async\" class=\"aligncenter wp-image-21926 size-800\" src=\"https:\/\/zweenhalb.de\/wp-content\/uploads\/2018\/11\/maister-produkt-kohle-1b-1-800x800.png\" alt=\"Maister Mais Kohle\" width=\"800\" height=\"800\" srcset=\"https:\/\/zweenhalb.de\/wp-content\/uploads\/2018\/11\/maister-produkt-kohle-1b-1-66x66.png 66w, https:\/\/zweenhalb.de\/wp-content\/uploads\/2018\/11\/maister-produkt-kohle-1b-1-100x100.png 100w, https:\/\/zweenhalb.de\/wp-content\/uploads\/2018\/11\/maister-produkt-kohle-1b-1-150x150.png 150w, https:\/\/zweenhalb.de\/wp-content\/uploads\/2018\/11\/maister-produkt-kohle-1b-1-200x200.png 200w, https:\/\/zweenhalb.de\/wp-content\/uploads\/2018\/11\/maister-produkt-kohle-1b-1-300x300.png 300w, https:\/\/zweenhalb.de\/wp-content\/uploads\/2018\/11\/maister-produkt-kohle-1b-1-400x400.png 400w, https:\/\/zweenhalb.de\/wp-content\/uploads\/2018\/11\/maister-produkt-kohle-1b-1-500x500.png 500w, https:\/\/zweenhalb.de\/wp-content\/uploads\/2018\/11\/maister-produkt-kohle-1b-1-600x600.png 600w, https:\/\/zweenhalb.de\/wp-content\/uploads\/2018\/11\/maister-produkt-kohle-1b-1-700x700.png 700w, https:\/\/zweenhalb.de\/wp-content\/uploads\/2018\/11\/maister-produkt-kohle-1b-1-768x768.png 768w, https:\/\/zweenhalb.de\/wp-content\/uploads\/2018\/11\/maister-produkt-kohle-1b-1-800x800.png 800w, https:\/\/zweenhalb.de\/wp-content\/uploads\/2018\/11\/maister-produkt-kohle-1b-1-1024x1024.png 1024w, https:\/\/zweenhalb.de\/wp-content\/uploads\/2018\/11\/maister-produkt-kohle-1b-1.png 1200w\" sizes=\"(max-width: 800px) 100vw, 800px\" \/><\/a><\/p>\n<p>Maiskohle ist ganz anders als Holzkohle.<\/p>\n<p>Maiskohle ist das, was bei der Maisernte auf dem Feld \u00fcbrig bleibt \u2013 Maiskolben ohne K\u00f6rner. Getrocknet eignen sie sich perfekt zum Grillen.<\/p>\n<p>Sie lassen\u00a0sich problemlos anz\u00fcnden, entwickeln schnell Glut und gro\u00dfe Hitze und gl\u00fchen bis zu 45 Minuten. Ideal also f\u00fcr das allt\u00e4gliche Grillen.<\/p>\n<p>Das Beste dabei:\u00a0Sie sind auch noch nachhaltig und sauber.<\/p>\n<\/div><div class=\"fusion-clearfix\"><\/div><\/div><\/div><div class=\"fusion-layout-column fusion_builder_column fusion-builder-column-2 fusion_builder_column_1_3 1_3 fusion-one-third\" style=\"--awb-bg-size:cover;width:33.333333333333%;width:calc(33.333333333333% - ( ( 4% + 4% ) * 0.33333333333333 ) );margin-right: 4%;\"><div class=\"fusion-column-wrapper fusion-flex-column-wrapper-legacy\"><div class=\"fusion-text fusion-text-3\"><p><a href=\"http:\/\/kitchen-impossible.de\/events\/kochkurse\/\" target=\"_blank\" rel=\"noopener\"><img decoding=\"async\" class=\"aligncenter wp-image-21917 size-full\" src=\"https:\/\/zweenhalb.de\/wp-content\/uploads\/2018\/11\/KI.jpg\" alt=\"Kitchen Impossible \" width=\"512\" height=\"462\" srcset=\"https:\/\/zweenhalb.de\/wp-content\/uploads\/2018\/11\/KI-200x180.jpg 200w, https:\/\/zweenhalb.de\/wp-content\/uploads\/2018\/11\/KI-300x271.jpg 300w, https:\/\/zweenhalb.de\/wp-content\/uploads\/2018\/11\/KI-400x361.jpg 400w, https:\/\/zweenhalb.de\/wp-content\/uploads\/2018\/11\/KI-500x451.jpg 500w, https:\/\/zweenhalb.de\/wp-content\/uploads\/2018\/11\/KI.jpg 512w\" sizes=\"(max-width: 512px) 100vw, 512px\" \/><\/a><\/p>\n<p>Wir bieten den Teilnehmern bei den Kochkursen in unserer Akademie f\u00fcr Nachhaltigkeit in der K\u00fcche einen unterhaltsamen Abend unter professioneller Anleitung an einem wundersch\u00f6nen, nachhaltig eingerichteten Ort zum Kochen und Genie\u00dfen.<\/p>\n<\/div><div class=\"fusion-clearfix\"><\/div><\/div><\/div><div class=\"fusion-layout-column fusion_builder_column fusion-builder-column-3 fusion_builder_column_1_3 1_3 fusion-one-third fusion-column-last\" style=\"--awb-bg-size:cover;width:33.333333333333%;width:calc(33.333333333333% - ( ( 4% + 4% ) * 0.33333333333333 ) );\"><div class=\"fusion-column-wrapper fusion-flex-column-wrapper-legacy\"><div class=\"fusion-text fusion-text-4\"><p><a href=\"https:\/\/www.kristina-sack.de\/\" target=\"_blank\" rel=\"noopener\"><img decoding=\"async\" class=\"aligncenter wp-image-21921 size-full\" src=\"https:\/\/zweenhalb.de\/wp-content\/uploads\/2018\/11\/10362859_10152031254621809_40029014591212932_n.jpg\" alt=\"\" width=\"453\" height=\"453\" srcset=\"https:\/\/zweenhalb.de\/wp-content\/uploads\/2018\/11\/10362859_10152031254621809_40029014591212932_n-66x66.jpg 66w, https:\/\/zweenhalb.de\/wp-content\/uploads\/2018\/11\/10362859_10152031254621809_40029014591212932_n-100x100.jpg 100w, https:\/\/zweenhalb.de\/wp-content\/uploads\/2018\/11\/10362859_10152031254621809_40029014591212932_n-150x150.jpg 150w, https:\/\/zweenhalb.de\/wp-content\/uploads\/2018\/11\/10362859_10152031254621809_40029014591212932_n-200x200.jpg 200w, https:\/\/zweenhalb.de\/wp-content\/uploads\/2018\/11\/10362859_10152031254621809_40029014591212932_n-300x300.jpg 300w, https:\/\/zweenhalb.de\/wp-content\/uploads\/2018\/11\/10362859_10152031254621809_40029014591212932_n-400x400.jpg 400w, https:\/\/zweenhalb.de\/wp-content\/uploads\/2018\/11\/10362859_10152031254621809_40029014591212932_n.jpg 453w\" sizes=\"(max-width: 453px) 100vw, 453px\" \/><\/a><\/p>\n<p>Bei uns dreht sich alles um die Themen K\u00fcche, Kochen und Tischkultur: Seit inzwischen \u00fcber 20 Jahren finden Sie bei uns Sch\u00f6nes und N\u00fctzliches rund ums Kochen, Backen, Essen und Trinken. T\u00f6pfe, Geschirr und vieles mehr\u2026 Und manchmal k\u00f6nnen Sie bei uns sogar live erleben, wie diese Dinge zum Einsatz kommen. St\u00f6bern Sie schon vor Ihrem Besuch bei uns in unserem Sortiment und entdecken Sie allerlei Infos zu aktuellen News und Aktionen. Wir w\u00fcnschen Ihnen viel Spa\u00df und freuen uns auf Sie in der Wilderich-Lang-Str. 6 in M\u00fcnchen!<\/p>\n<\/div><div class=\"fusion-clearfix\"><\/div><\/div><\/div><\/div><\/div><\/p>\n","protected":false},"excerpt":{"rendered":"","protected":false},"author":1,"featured_media":0,"parent":0,"menu_order":0,"comment_status":"closed","ping_status":"closed","template":"","meta":{"jetpack_post_was_ever_published":false,"footnotes":""},"class_list":["post-23599","page","type-page","status-publish","hentry"],"yoast_head":"<!-- This site is optimized with the Yoast SEO plugin v27.3 - https:\/\/yoast.com\/product\/yoast-seo-wordpress\/ -->\n<title>recommendations - ZWEEnHALB - der Grill aus Berlin<\/title>\n<meta name=\"robots\" content=\"index, follow, max-snippet:-1, max-image-preview:large, max-video-preview:-1\" \/>\n<link rel=\"canonical\" href=\"https:\/\/zweenhalb.de\/en\/recommendations\/\" \/>\n<meta name=\"twitter:label1\" content=\"Est. reading time\" \/>\n\t<meta name=\"twitter:data1\" content=\"4 minutes\" \/>\n<script type=\"application\/ld+json\" class=\"yoast-schema-graph\">{\"@context\":\"https:\\\/\\\/schema.org\",\"@graph\":[{\"@type\":\"WebPage\",\"@id\":\"https:\\\/\\\/zweenhalb.de\\\/en\\\/recommendations\\\/\",\"url\":\"https:\\\/\\\/zweenhalb.de\\\/en\\\/recommendations\\\/\",\"name\":\"recommendations - ZWEEnHALB - der Grill aus Berlin\",\"isPartOf\":{\"@id\":\"https:\\\/\\\/zweenhalb.de\\\/#website\"},\"primaryImageOfPage\":{\"@id\":\"https:\\\/\\\/zweenhalb.de\\\/en\\\/recommendations\\\/#primaryimage\"},\"image\":{\"@id\":\"https:\\\/\\\/zweenhalb.de\\\/en\\\/recommendations\\\/#primaryimage\"},\"thumbnailUrl\":\"https:\\\/\\\/zweenhalb.de\\\/wp-content\\\/uploads\\\/2018\\\/11\\\/logo_03.png\",\"datePublished\":\"2018-11-15T13:49:10+00:00\",\"dateModified\":\"2022-05-03T12:26:51+00:00\",\"breadcrumb\":{\"@id\":\"https:\\\/\\\/zweenhalb.de\\\/en\\\/recommendations\\\/#breadcrumb\"},\"inLanguage\":\"en-US\",\"potentialAction\":[{\"@type\":\"ReadAction\",\"target\":[\"https:\\\/\\\/zweenhalb.de\\\/en\\\/recommendations\\\/\"]}]},{\"@type\":\"ImageObject\",\"inLanguage\":\"en-US\",\"@id\":\"https:\\\/\\\/zweenhalb.de\\\/en\\\/recommendations\\\/#primaryimage\",\"url\":\"https:\\\/\\\/zweenhalb.de\\\/wp-content\\\/uploads\\\/2018\\\/11\\\/logo_03.png\",\"contentUrl\":\"https:\\\/\\\/zweenhalb.de\\\/wp-content\\\/uploads\\\/2018\\\/11\\\/logo_03.png\"},{\"@type\":\"BreadcrumbList\",\"@id\":\"https:\\\/\\\/zweenhalb.de\\\/en\\\/recommendations\\\/#breadcrumb\",\"itemListElement\":[{\"@type\":\"ListItem\",\"position\":1,\"name\":\"Startseite\",\"item\":\"https:\\\/\\\/zweenhalb.de\\\/en\\\/\"},{\"@type\":\"ListItem\",\"position\":2,\"name\":\"recommendations\"}]},{\"@type\":\"WebSite\",\"@id\":\"https:\\\/\\\/zweenhalb.de\\\/#website\",\"url\":\"https:\\\/\\\/zweenhalb.de\\\/\",\"name\":\"ZWEEnHALB - der Grill aus Berlin\",\"description\":\"Charcoal grill made of stainless steel for on the road!\",\"publisher\":{\"@id\":\"https:\\\/\\\/zweenhalb.de\\\/#organization\"},\"potentialAction\":[{\"@type\":\"SearchAction\",\"target\":{\"@type\":\"EntryPoint\",\"urlTemplate\":\"https:\\\/\\\/zweenhalb.de\\\/?s={search_term_string}\"},\"query-input\":{\"@type\":\"PropertyValueSpecification\",\"valueRequired\":true,\"valueName\":\"search_term_string\"}}],\"inLanguage\":\"en-US\"},{\"@type\":\"Organization\",\"@id\":\"https:\\\/\\\/zweenhalb.de\\\/#organization\",\"name\":\"ZWEEnHALB\",\"url\":\"https:\\\/\\\/zweenhalb.de\\\/\",\"logo\":{\"@type\":\"ImageObject\",\"inLanguage\":\"en-US\",\"@id\":\"https:\\\/\\\/zweenhalb.de\\\/#\\\/schema\\\/logo\\\/image\\\/\",\"url\":\"https:\\\/\\\/zweenhalb.de\\\/wp-content\\\/uploads\\\/2018\\\/02\\\/cropped-zweenhalb-114x114.png\",\"contentUrl\":\"https:\\\/\\\/zweenhalb.de\\\/wp-content\\\/uploads\\\/2018\\\/02\\\/cropped-zweenhalb-114x114.png\",\"width\":114,\"height\":114,\"caption\":\"ZWEEnHALB\"},\"image\":{\"@id\":\"https:\\\/\\\/zweenhalb.de\\\/#\\\/schema\\\/logo\\\/image\\\/\"}}]}<\/script>\n<!-- \/ Yoast SEO plugin. -->","yoast_head_json":{"title":"recommendations - ZWEEnHALB - der Grill aus Berlin","robots":{"index":"index","follow":"follow","max-snippet":"max-snippet:-1","max-image-preview":"max-image-preview:large","max-video-preview":"max-video-preview:-1"},"canonical":"https:\/\/zweenhalb.de\/en\/recommendations\/","twitter_misc":{"Est. reading time":"4 minutes"},"schema":{"@context":"https:\/\/schema.org","@graph":[{"@type":"WebPage","@id":"https:\/\/zweenhalb.de\/en\/recommendations\/","url":"https:\/\/zweenhalb.de\/en\/recommendations\/","name":"recommendations - ZWEEnHALB - der Grill aus Berlin","isPartOf":{"@id":"https:\/\/zweenhalb.de\/#website"},"primaryImageOfPage":{"@id":"https:\/\/zweenhalb.de\/en\/recommendations\/#primaryimage"},"image":{"@id":"https:\/\/zweenhalb.de\/en\/recommendations\/#primaryimage"},"thumbnailUrl":"https:\/\/zweenhalb.de\/wp-content\/uploads\/2018\/11\/logo_03.png","datePublished":"2018-11-15T13:49:10+00:00","dateModified":"2022-05-03T12:26:51+00:00","breadcrumb":{"@id":"https:\/\/zweenhalb.de\/en\/recommendations\/#breadcrumb"},"inLanguage":"en-US","potentialAction":[{"@type":"ReadAction","target":["https:\/\/zweenhalb.de\/en\/recommendations\/"]}]},{"@type":"ImageObject","inLanguage":"en-US","@id":"https:\/\/zweenhalb.de\/en\/recommendations\/#primaryimage","url":"https:\/\/zweenhalb.de\/wp-content\/uploads\/2018\/11\/logo_03.png","contentUrl":"https:\/\/zweenhalb.de\/wp-content\/uploads\/2018\/11\/logo_03.png"},{"@type":"BreadcrumbList","@id":"https:\/\/zweenhalb.de\/en\/recommendations\/#breadcrumb","itemListElement":[{"@type":"ListItem","position":1,"name":"Startseite","item":"https:\/\/zweenhalb.de\/en\/"},{"@type":"ListItem","position":2,"name":"recommendations"}]},{"@type":"WebSite","@id":"https:\/\/zweenhalb.de\/#website","url":"https:\/\/zweenhalb.de\/","name":"ZWEEnHALB - der Grill aus Berlin","description":"Charcoal grill made of stainless steel for on the road!","publisher":{"@id":"https:\/\/zweenhalb.de\/#organization"},"potentialAction":[{"@type":"SearchAction","target":{"@type":"EntryPoint","urlTemplate":"https:\/\/zweenhalb.de\/?s={search_term_string}"},"query-input":{"@type":"PropertyValueSpecification","valueRequired":true,"valueName":"search_term_string"}}],"inLanguage":"en-US"},{"@type":"Organization","@id":"https:\/\/zweenhalb.de\/#organization","name":"ZWEEnHALB","url":"https:\/\/zweenhalb.de\/","logo":{"@type":"ImageObject","inLanguage":"en-US","@id":"https:\/\/zweenhalb.de\/#\/schema\/logo\/image\/","url":"https:\/\/zweenhalb.de\/wp-content\/uploads\/2018\/02\/cropped-zweenhalb-114x114.png","contentUrl":"https:\/\/zweenhalb.de\/wp-content\/uploads\/2018\/02\/cropped-zweenhalb-114x114.png","width":114,"height":114,"caption":"ZWEEnHALB"},"image":{"@id":"https:\/\/zweenhalb.de\/#\/schema\/logo\/image\/"}}]}},"jetpack_sharing_enabled":true,"_links":{"self":[{"href":"https:\/\/zweenhalb.de\/en\/wp-json\/wp\/v2\/pages\/23599","targetHints":{"allow":["GET"]}}],"collection":[{"href":"https:\/\/zweenhalb.de\/en\/wp-json\/wp\/v2\/pages"}],"about":[{"href":"https:\/\/zweenhalb.de\/en\/wp-json\/wp\/v2\/types\/page"}],"author":[{"embeddable":true,"href":"https:\/\/zweenhalb.de\/en\/wp-json\/wp\/v2\/users\/1"}],"replies":[{"embeddable":true,"href":"https:\/\/zweenhalb.de\/en\/wp-json\/wp\/v2\/comments?post=23599"}],"version-history":[{"count":5,"href":"https:\/\/zweenhalb.de\/en\/wp-json\/wp\/v2\/pages\/23599\/revisions"}],"predecessor-version":[{"id":23621,"href":"https:\/\/zweenhalb.de\/en\/wp-json\/wp\/v2\/pages\/23599\/revisions\/23621"}],"wp:attachment":[{"href":"https:\/\/zweenhalb.de\/en\/wp-json\/wp\/v2\/media?parent=23599"}],"curies":[{"name":"wp","href":"https:\/\/api.w.org\/{rel}","templated":true}]}}