{"id":20378,"date":"2017-11-20T17:27:41","date_gmt":"2017-11-20T16:27:41","guid":{"rendered":"https:\/\/grill.philippsack.de\/contact\/"},"modified":"2025-01-07T12:26:54","modified_gmt":"2025-01-07T11:26:54","slug":"contact","status":"publish","type":"page","link":"https:\/\/zweenhalb.de\/en\/contact\/","title":{"rendered":"Contact"},"content":{"rendered":"<div class=\"fusion-fullwidth fullwidth-box fusion-builder-row-1 nonhundred-percent-fullwidth non-hundred-percent-height-scrolling\" style=\"--awb-border-radius-top-left:0px;--awb-border-radius-top-right:0px;--awb-border-radius-bottom-right:0px;--awb-border-radius-bottom-left:0px;--awb-flex-wrap:wrap;\" ><div class=\"fusion-builder-row fusion-row\"><div class=\"fusion-layout-column fusion_builder_column fusion-builder-column-0 fusion_builder_column_1_1 1_1 fusion-one-full fusion-column-first fusion-column-last\" style=\"--awb-bg-size:cover;--awb-margin-bottom:0px;\"><div class=\"fusion-column-wrapper fusion-flex-column-wrapper-legacy\"><div class=\"fusion-text fusion-text-1\"><p><a href=\"mailto:grill@zweenhalb.de\">Hinterlasse eine Nachricht<\/a> &#8211; wir antworten gerne und schnell!<\/p>\n<p>Die von euch mit diesem Formular \u00fcbermittelten Daten werden von uns gespeichert. Die Verarbeitung dieser personenbezogenen Daten dient uns allein zur Bearbeitung der Kontaktaufnahme. Dar\u00fcber hinaus speichern wir die IP-Adresse, die Uhrzeit der Daten\u00fcbermittlung, den von euch verwendeten Browser. Die Speicherung dieser Daten dient dazu, einen Missbrauch des Kontaktformulars zu verhindern und die Sicherheit unserer informationstechnischen Systeme sicherzustellen. Rechtsgrundlage f\u00fcr die Verarbeitung der Daten ist Art. 6 Abs. 1 lit. f DSGVO. Zielt die Kontaktaufnahme auf den Abschluss eines Vertrages ab, so ist zus\u00e4tzliche Rechtsgrundlage f\u00fcr die Verarbeitung Art. 6 Abs. 1 lit. b DSGVO. Die Daten werden gel\u00f6scht, sobald sie f\u00fcr die Erreichung des Zweckes ihrer Erhebung nicht mehr erforderlich sind. Die w\u00e4hrend des Absendevorgangs zus\u00e4tzlich erhobenen Daten werden sp\u00e4testens nach einer Frist von sieben Tagen gel\u00f6scht. Alles Weitere finden Sie in unseren <a href=\"https:\/\/zweenhalb.de\/impressum\/#datenschutz\">Datenschutzregelungen<\/a>.<\/p>\n<\/div><div class=\"fusion-social-links fusion-social-links-1\" style=\"--awb-margin-top:0px;--awb-margin-right:0px;--awb-margin-bottom:0px;--awb-margin-left:0px;--awb-box-border-top:0px;--awb-box-border-right:0px;--awb-box-border-bottom:0px;--awb-box-border-left:0px;--awb-icon-colors-hover:rgba(190,189,189,0.8);--awb-box-colors-hover:rgba(232,232,232,0.8);--awb-box-border-color:var(--awb-color3);--awb-box-border-color-hover:var(--awb-color4);\"><div class=\"fusion-social-networks color-type-custom\"><div class=\"fusion-social-networks-wrapper\"><a class=\"fusion-social-network-icon fusion-tooltip fusion-pinterest awb-icon-pinterest\" style=\"color:a51313;font-size:16px;\" data-placement=\"top\" data-title=\"Pinterest\" data-toggle=\"tooltip\" title=\"Pinterest\" aria-label=\"pinterest\" target=\"_blank\" rel=\"noopener noreferrer\" href=\"https:\/\/www.pinterest.de\/dergrill\"><\/a><a class=\"fusion-social-network-icon fusion-tooltip fusion-facebook awb-icon-facebook\" style=\"color:a51313;font-size:16px;\" data-placement=\"top\" data-title=\"Facebook\" data-toggle=\"tooltip\" title=\"Facebook\" aria-label=\"facebook\" target=\"_blank\" rel=\"noopener noreferrer\" href=\"https:\/\/www.facebook.com\/dergrillausberlin\/\"><\/a><a class=\"fusion-social-network-icon fusion-tooltip fusion-twitter awb-icon-twitter\" style=\"color:a51313;font-size:16px;\" data-placement=\"top\" data-title=\"X\" data-toggle=\"tooltip\" title=\"X\" aria-label=\"twitter\" target=\"_blank\" rel=\"noopener noreferrer\" href=\"https:\/\/twitter.com\/GrillausBerlin\"><\/a><a class=\"fusion-social-network-icon fusion-tooltip fusion-tumblr awb-icon-tumblr\" style=\"color:a51313;font-size:16px;\" data-placement=\"top\" data-title=\"Tumblr\" data-toggle=\"tooltip\" title=\"Tumblr\" aria-label=\"tumblr\" target=\"_blank\" rel=\"noopener noreferrer\" href=\"https:\/\/www.tumblr.com\/blog\/zweenhalb\"><\/a><a class=\"fusion-social-network-icon fusion-tooltip fusion-instagram awb-icon-instagram\" style=\"color:a51313;font-size:16px;\" data-placement=\"top\" data-title=\"Instagram\" data-toggle=\"tooltip\" title=\"Instagram\" aria-label=\"instagram\" target=\"_blank\" rel=\"noopener noreferrer\" href=\"https:\/\/www.instagram.com\/dergrillausberlin\/\"><\/a><\/div><\/div><\/div><div class=\"fusion-clearfix\"><\/div><\/div><\/div><\/div><\/div>\n","protected":false},"excerpt":{"rendered":"","protected":false},"author":1,"featured_media":0,"parent":0,"menu_order":0,"comment_status":"closed","ping_status":"closed","template":"contact.php","meta":{"jetpack_post_was_ever_published":false,"footnotes":""},"class_list":["post-20378","page","type-page","status-publish","hentry"],"yoast_head":"<!-- This site is optimized with the Yoast SEO plugin v27.3 - https:\/\/yoast.com\/product\/yoast-seo-wordpress\/ -->\n<title>Contact grill from Berlin - ZWEEnHALB times faster than postcard<\/title>\n<meta name=\"robots\" content=\"index, follow, max-snippet:-1, max-image-preview:large, max-video-preview:-1\" \/>\n<link rel=\"canonical\" href=\"https:\/\/zweenhalb.de\/en\/contact\/\" \/>\n<meta name=\"twitter:label1\" content=\"Est. reading time\" \/>\n\t<meta name=\"twitter:data1\" content=\"2 minutes\" \/>\n<script type=\"application\/ld+json\" class=\"yoast-schema-graph\">{\"@context\":\"https:\\\/\\\/schema.org\",\"@graph\":[{\"@type\":\"WebPage\",\"@id\":\"https:\\\/\\\/zweenhalb.de\\\/en\\\/contact\\\/\",\"url\":\"https:\\\/\\\/zweenhalb.de\\\/en\\\/contact\\\/\",\"name\":\"Contact grill from Berlin - ZWEEnHALB times faster than postcard\",\"isPartOf\":{\"@id\":\"https:\\\/\\\/zweenhalb.de\\\/#website\"},\"datePublished\":\"2017-11-20T16:27:41+00:00\",\"dateModified\":\"2025-01-07T11:26:54+00:00\",\"breadcrumb\":{\"@id\":\"https:\\\/\\\/zweenhalb.de\\\/en\\\/contact\\\/#breadcrumb\"},\"inLanguage\":\"en-US\",\"potentialAction\":[{\"@type\":\"ReadAction\",\"target\":[\"https:\\\/\\\/zweenhalb.de\\\/en\\\/contact\\\/\"]}]},{\"@type\":\"BreadcrumbList\",\"@id\":\"https:\\\/\\\/zweenhalb.de\\\/en\\\/contact\\\/#breadcrumb\",\"itemListElement\":[{\"@type\":\"ListItem\",\"position\":1,\"name\":\"Startseite\",\"item\":\"https:\\\/\\\/zweenhalb.de\\\/en\\\/\"},{\"@type\":\"ListItem\",\"position\":2,\"name\":\"Contact\"}]},{\"@type\":\"WebSite\",\"@id\":\"https:\\\/\\\/zweenhalb.de\\\/#website\",\"url\":\"https:\\\/\\\/zweenhalb.de\\\/\",\"name\":\"ZWEEnHALB - der Grill aus Berlin\",\"description\":\"Charcoal grill made of stainless steel for on the road!\",\"publisher\":{\"@id\":\"https:\\\/\\\/zweenhalb.de\\\/#organization\"},\"potentialAction\":[{\"@type\":\"SearchAction\",\"target\":{\"@type\":\"EntryPoint\",\"urlTemplate\":\"https:\\\/\\\/zweenhalb.de\\\/?s={search_term_string}\"},\"query-input\":{\"@type\":\"PropertyValueSpecification\",\"valueRequired\":true,\"valueName\":\"search_term_string\"}}],\"inLanguage\":\"en-US\"},{\"@type\":\"Organization\",\"@id\":\"https:\\\/\\\/zweenhalb.de\\\/#organization\",\"name\":\"ZWEEnHALB\",\"url\":\"https:\\\/\\\/zweenhalb.de\\\/\",\"logo\":{\"@type\":\"ImageObject\",\"inLanguage\":\"en-US\",\"@id\":\"https:\\\/\\\/zweenhalb.de\\\/#\\\/schema\\\/logo\\\/image\\\/\",\"url\":\"https:\\\/\\\/zweenhalb.de\\\/wp-content\\\/uploads\\\/2018\\\/02\\\/cropped-zweenhalb-114x114.png\",\"contentUrl\":\"https:\\\/\\\/zweenhalb.de\\\/wp-content\\\/uploads\\\/2018\\\/02\\\/cropped-zweenhalb-114x114.png\",\"width\":114,\"height\":114,\"caption\":\"ZWEEnHALB\"},\"image\":{\"@id\":\"https:\\\/\\\/zweenhalb.de\\\/#\\\/schema\\\/logo\\\/image\\\/\"}}]}<\/script>\n<!-- \/ Yoast SEO plugin. -->","yoast_head_json":{"title":"Contact grill from Berlin - ZWEEnHALB times faster than postcard","robots":{"index":"index","follow":"follow","max-snippet":"max-snippet:-1","max-image-preview":"max-image-preview:large","max-video-preview":"max-video-preview:-1"},"canonical":"https:\/\/zweenhalb.de\/en\/contact\/","twitter_misc":{"Est. reading time":"2 minutes"},"schema":{"@context":"https:\/\/schema.org","@graph":[{"@type":"WebPage","@id":"https:\/\/zweenhalb.de\/en\/contact\/","url":"https:\/\/zweenhalb.de\/en\/contact\/","name":"Contact grill from Berlin - ZWEEnHALB times faster than postcard","isPartOf":{"@id":"https:\/\/zweenhalb.de\/#website"},"datePublished":"2017-11-20T16:27:41+00:00","dateModified":"2025-01-07T11:26:54+00:00","breadcrumb":{"@id":"https:\/\/zweenhalb.de\/en\/contact\/#breadcrumb"},"inLanguage":"en-US","potentialAction":[{"@type":"ReadAction","target":["https:\/\/zweenhalb.de\/en\/contact\/"]}]},{"@type":"BreadcrumbList","@id":"https:\/\/zweenhalb.de\/en\/contact\/#breadcrumb","itemListElement":[{"@type":"ListItem","position":1,"name":"Startseite","item":"https:\/\/zweenhalb.de\/en\/"},{"@type":"ListItem","position":2,"name":"Contact"}]},{"@type":"WebSite","@id":"https:\/\/zweenhalb.de\/#website","url":"https:\/\/zweenhalb.de\/","name":"ZWEEnHALB - der Grill aus Berlin","description":"Charcoal grill made of stainless steel for on the road!","publisher":{"@id":"https:\/\/zweenhalb.de\/#organization"},"potentialAction":[{"@type":"SearchAction","target":{"@type":"EntryPoint","urlTemplate":"https:\/\/zweenhalb.de\/?s={search_term_string}"},"query-input":{"@type":"PropertyValueSpecification","valueRequired":true,"valueName":"search_term_string"}}],"inLanguage":"en-US"},{"@type":"Organization","@id":"https:\/\/zweenhalb.de\/#organization","name":"ZWEEnHALB","url":"https:\/\/zweenhalb.de\/","logo":{"@type":"ImageObject","inLanguage":"en-US","@id":"https:\/\/zweenhalb.de\/#\/schema\/logo\/image\/","url":"https:\/\/zweenhalb.de\/wp-content\/uploads\/2018\/02\/cropped-zweenhalb-114x114.png","contentUrl":"https:\/\/zweenhalb.de\/wp-content\/uploads\/2018\/02\/cropped-zweenhalb-114x114.png","width":114,"height":114,"caption":"ZWEEnHALB"},"image":{"@id":"https:\/\/zweenhalb.de\/#\/schema\/logo\/image\/"}}]}},"jetpack_sharing_enabled":true,"_links":{"self":[{"href":"https:\/\/zweenhalb.de\/en\/wp-json\/wp\/v2\/pages\/20378","targetHints":{"allow":["GET"]}}],"collection":[{"href":"https:\/\/zweenhalb.de\/en\/wp-json\/wp\/v2\/pages"}],"about":[{"href":"https:\/\/zweenhalb.de\/en\/wp-json\/wp\/v2\/types\/page"}],"author":[{"embeddable":true,"href":"https:\/\/zweenhalb.de\/en\/wp-json\/wp\/v2\/users\/1"}],"replies":[{"embeddable":true,"href":"https:\/\/zweenhalb.de\/en\/wp-json\/wp\/v2\/comments?post=20378"}],"version-history":[{"count":9,"href":"https:\/\/zweenhalb.de\/en\/wp-json\/wp\/v2\/pages\/20378\/revisions"}],"predecessor-version":[{"id":24445,"href":"https:\/\/zweenhalb.de\/en\/wp-json\/wp\/v2\/pages\/20378\/revisions\/24445"}],"wp:attachment":[{"href":"https:\/\/zweenhalb.de\/en\/wp-json\/wp\/v2\/media?parent=20378"}],"curies":[{"name":"wp","href":"https:\/\/api.w.org\/{rel}","templated":true}]}}