{"id":18451,"date":"2016-12-09T13:06:59","date_gmt":"2016-12-09T12:06:59","guid":{"rendered":"https:\/\/grill.philippsack.de\/?page_id=18451\/"},"modified":"2022-11-07T11:16:44","modified_gmt":"2022-11-07T10:16:44","slug":"barbecue-placefinder","status":"publish","type":"page","link":"https:\/\/zweenhalb.de\/en\/info\/barbecue-placefinder\/","title":{"rendered":"Barbecue site finder"},"content":{"rendered":"<div class=\"fusion-fullwidth fullwidth-box fusion-builder-row-1 fusion-flex-container nonhundred-percent-fullwidth non-hundred-percent-height-scrolling\" style=\"--awb-border-radius-top-left:0px;--awb-border-radius-top-right:0px;--awb-border-radius-bottom-right:0px;--awb-border-radius-bottom-left:0px;--awb-flex-wrap:wrap;\" ><div class=\"fusion-builder-row fusion-row fusion-flex-align-items-flex-start fusion-flex-content-wrap\" style=\"max-width:1144px;margin-left: calc(-4% \/ 2 );margin-right: calc(-4% \/ 2 );\"><div class=\"fusion-layout-column fusion_builder_column fusion-builder-column-0 fusion_builder_column_1_1 1_1 fusion-flex-column\" style=\"--awb-bg-size:cover;--awb-width-large:100%;--awb-margin-top-large:0px;--awb-spacing-right-large:1.92%;--awb-margin-bottom-large:0px;--awb-spacing-left-large:1.92%;--awb-width-medium:100%;--awb-spacing-right-medium:1.92%;--awb-spacing-left-medium:1.92%;--awb-width-small:100%;--awb-spacing-right-small:1.92%;--awb-spacing-left-small:1.92%;\"><div class=\"fusion-column-wrapper fusion-flex-justify-content-flex-start fusion-content-layout-column\"><div class=\"fusion-text fusion-text-1\"><p>Grillen wird immer beliebter, vor allem wenn man einen tollen Grill hat ;) Aber wohin? Park, Strand oder den Baggersee? Wir haben hier ein paar Pl\u00e4tze gesammelt. Bei der Vielzahl sind wir bem\u00fcht den aktuellen Stand vorzuhalten. Bei \u00c4nderungen oder Anregungen bitte einfach eine Mail schicken.<\/p>\n\r\n            \r\n            \r\n            \r\n            <a name='map5'><\/a>\r\n            <div class='wpgmza-marker-listing-category-filter' data-map-id='5' id='wpgmza_filter_5' style='text-align:left; margin-bottom:0px;'><span>Filter by<\/span><select mid=\"5\" id=\"wpgmza_filter_select\" name=\"wpgmza_filter_select\"><option value=\"0\">All<\/option><option value=\"4\">&nbsp;Berlin<\/option><option value=\"3\">&nbsp;Grill Shop<\/option><option value=\"1\">&nbsp;Grillpl\u00e4tze<\/option><option value=\"2\">&nbsp;ZWEEnHALB erprobt!<\/option><\/select><\/div>\r\n            \r\n            \r\n            \r\n            <div class=\"wpgmza_map \"  id=\"wpgmza_map_5\" style=\"display:block; overflow:auto; width:100%; height:800px; float:left;\" data-settings='{\"id\":\"5\",\"map_title\":\"Grillpl\\u00e4tze finden in Deutschland\",\"map_width\":\"100\",\"map_height\":\"800\",\"map_start_lat\":\"54.11909999268256\",\"map_start_lng\":\"13.756370460228364\",\"map_start_location\":\"52.54413,13.390794\",\"map_start_zoom\":\"6\",\"default_marker\":\"https:\\\/\\\/zweenhalb.de\\\/wp-content\\\/uploads\\\/2017\\\/12\\\/the-red-one.png\",\"type\":\"1\",\"alignment\":\"1\",\"directions_enabled\":\"1\",\"styling_enabled\":\"0\",\"styling_json\":\"\",\"active\":\"0\",\"kml\":\"\",\"bicycle\":\"0\",\"traffic\":\"0\",\"dbox\":\"5\",\"dbox_width\":\"100\",\"listmarkers\":\"0\",\"listmarkers_advanced\":\"0\",\"filterbycat\":\"1\",\"ugm_enabled\":\"1\",\"ugm_category_enabled\":\"1\",\"fusion\":\"\",\"map_width_type\":\"%\",\"map_height_type\":\"px\",\"mass_marker_support\":\"1\",\"ugm_access\":\"2\",\"order_markers_by\":\"1\",\"order_markers_choice\":\"2\",\"show_user_location\":\"1\",\"default_to\":\"Krefelder Str. 11A, 10555 Berlin, Deutschland\",\"other_settings\":{\"transport_layer\":false,\"shortcodeAttributes\":{\"id\":\"5\"},\"action\":\"wpgmza_save_map\",\"redirect_to\":\"\\\/wp-admin\\\/admin-post.php\",\"map_id\":\"5\",\"http_referer\":\"\\\/wp-admin\\\/admin.php?page=wp-google-maps-menu&amp;amp;action=edit&amp;amp;map_id=5\",\"wpgmza_id\":\"5\",\"wpgmza_start_location\":\"54.11909999268256,13.756370460228364\",\"wpgmza_start_zoom\":\"6\",\"wpgmza_theme_data\":\"[ { \\\\\\\"featureType\\\\\\\": \\\\\\\"water\\\\\\\", \\\\\\\"elementType\\\\\\\": \\\\\\\"geometry.fill\\\\\\\", \\\\\\\"stylers\\\\\\\": [ { \\\\\\\"color\\\\\\\": \\\\\\\"#808080\\\\\\\" }, { \\\\\\\"lightness\\\\\\\": -64 } ] },{ \\\\\\\"featureType\\\\\\\": \\\\\\\"landscape\\\\\\\", \\\\\\\"elementType\\\\\\\": \\\\\\\"geometry.fill\\\\\\\", \\\\\\\"stylers\\\\\\\": [ { \\\\\\\"lightness\\\\\\\": 69 }, { \\\\\\\"color\\\\\\\": \\\\\\\"#ffffff\\\\\\\" } ] },{ \\\\\\\"featureType\\\\\\\": \\\\\\\"poi\\\\\\\", \\\\\\\"stylers\\\\\\\": [ { \\\\\\\"color\\\\\\\": \\\\\\\"#808080\\\\\\\" }, { \\\\\\\"lightness\\\\\\\": 75 } ] },{ \\\\\\\"elementType\\\\\\\": \\\\\\\"labels.text.fill\\\\\\\", \\\\\\\"stylers\\\\\\\": [ { \\\\\\\"color\\\\\\\": \\\\\\\"#808080\\\\\\\" }, { \\\\\\\"lightness\\\\\\\": -37 } ] },{ \\\\\\\"elementType\\\\\\\": \\\\\\\"labels.text.stroke\\\\\\\", \\\\\\\"stylers\\\\\\\": [ { \\\\\\\"lightness\\\\\\\": 100 } ] },{ \\\\\\\"featureType\\\\\\\": \\\\\\\"road.highway\\\\\\\", \\\\\\\"elementType\\\\\\\": \\\\\\\"geometry.fill\\\\\\\", \\\\\\\"stylers\\\\\\\": [ { \\\\\\\"color\\\\\\\": \\\\\\\"#808080\\\\\\\" } ] },{ \\\\\\\"featureType\\\\\\\": \\\\\\\"road.highway\\\\\\\", \\\\\\\"elementType\\\\\\\": \\\\\\\"geometry.stroke\\\\\\\", \\\\\\\"stylers\\\\\\\": [ { \\\\\\\"color\\\\\\\": \\\\\\\"#808080\\\\\\\" }, { \\\\\\\"lightness\\\\\\\": -44 } ] },{ \\\\\\\"featureType\\\\\\\": \\\\\\\"road.arterial\\\\\\\", \\\\\\\"elementType\\\\\\\": \\\\\\\"geometry.fill\\\\\\\", \\\\\\\"stylers\\\\\\\": [ { \\\\\\\"color\\\\\\\": \\\\\\\"#808080\\\\\\\" }, { \\\\\\\"lightness\\\\\\\": 18 } ] },{ \\\\\\\"featureType\\\\\\\": \\\\\\\"road.local\\\\\\\", \\\\\\\"elementType\\\\\\\": \\\\\\\"geometry.stroke\\\\\\\", \\\\\\\"stylers\\\\\\\": [ { \\\\\\\"color\\\\\\\": \\\\\\\"#808080\\\\\\\" }, { \\\\\\\"lightness\\\\\\\": 49 } ] },{ \\\\\\\"featureType\\\\\\\": \\\\\\\"transit\\\\\\\", \\\\\\\"elementType\\\\\\\": \\\\\\\"geometry\\\\\\\", \\\\\\\"stylers\\\\\\\": [ { \\\\\\\"lightness\\\\\\\": -10 }, { \\\\\\\"saturation\\\\\\\": -83 } ] },{ } ]\",\"wpgmza_dbox_width_type\":\"%\",\"default_from\":\"\",\"directions_behaviour\":\"default\",\"force_google_directions_app\":false,\"directions_route_origin_icon\":\"https:\\\/\\\/zweenhalb.de\\\/wp-content\\\/plugins\\\/wp-google-maps\\\/images\\\/spotlight-poi3.png\",\"directions_origin_retina\":false,\"directions_route_destination_icon\":\"https:\\\/\\\/zweenhalb.de\\\/wp-content\\\/plugins\\\/wp-google-maps\\\/images\\\/spotlight-poi3.png\",\"directions_destination_retina\":false,\"directions_route_stroke_color\":\"#4f8df5\",\"directions_route_stroke_weight\":\"4\",\"directions_route_stroke_opacity\":\"0.8\",\"directions_fit_bounds_to_route\":false,\"store_locator_enabled\":false,\"store_locator_search_area\":\"radial\",\"wpgmza_store_locator_radius_style\":\"legacy\",\"wpgmza_store_locator_default_radius\":\"10\",\"store_locator_auto_area_max_zoom\":\"\",\"wpgmza_store_locator_restrict\":\"\",\"store_locator_distance\":false,\"wpgmza_store_locator_position\":false,\"store_locator_show_distance\":false,\"store_locator_category\":false,\"wpgmza_store_locator_use_their_location\":false,\"wpgmza_store_locator_bounce\":false,\"upload_default_sl_marker\":\"\",\"upload_default_sl_marker_retina\":false,\"wpgmza_sl_animation\":\"0\",\"wpgmza_store_locator_hide_before_search\":false,\"store_locator_query_string\":\"\",\"store_locator_location_placeholder\":\"\",\"store_locator_default_address\":\"\",\"store_locator_name_search\":false,\"store_locator_name_string\":\"\",\"store_locator_not_found_message\":\"\",\"sl_stroke_color\":\"#000000\",\"sl_stroke_opacity\":\"\",\"sl_fill_color\":\"#000000\",\"sl_fill_opacity\":\"\",\"retina\":false,\"wpgmza_map_align\":\"1\",\"upload_default_ul_marker\":\"\\\/\\\/zweenhalb.de\\\/wp-content\\\/uploads\\\/2018\\\/01\\\/marker.png\",\"upload_default_ul_marker_retina\":false,\"jump_to_nearest_marker_on_initialization\":false,\"automatically_pan_to_users_location\":false,\"override_users_location_zoom_level\":false,\"override_users_location_zoom_levels\":\"\",\"show_distance_from_location\":false,\"map_max_zoom\":\"21\",\"map_min_zoom\":\"0\",\"click_open_link\":false,\"fit_maps_bounds_to_markers\":false,\"fit_maps_bounds_to_markers_after_filtering\":false,\"hide_point_of_interest\":false,\"wpgmza_zoom_on_marker_click\":false,\"wpgmza_zoom_on_marker_click_slider\":\"\",\"close_infowindow_on_map_click\":false,\"disable_lightbox_images\":false,\"use_Raw_Jpeg_Coordinates\":false,\"polygon_labels\":false,\"disable_polygon_info_windows\":false,\"enable_advanced_custom_fields_integration\":false,\"enable_toolset_woocommerce_integration\":false,\"only_load_markers_within_viewport\":false,\"iw_primary_color\":\"#000000\",\"iw_accent_color\":\"#ed1212\",\"iw_text_color\":\"#ffffff\",\"wpgmza_listmarkers_by\":\"2\",\"wpgmza_marker_listing_position\":false,\"wpgmza_push_in_map\":false,\"wpgmza_push_in_map_placement\":\"1\",\"wpgmza_push_in_map_width\":\"\",\"wpgmza_push_in_map_height\":\"\",\"zoom_level_on_marker_listing_override\":true,\"zoom_level_on_marker_listing_click\":\"\",\"marker_listing_disable_zoom\":false,\"datatable_no_result_message\":\"\",\"remove_search_box_datables\":false,\"dataTable_pagination_style\":\"default\",\"datatable_search_string\":\"\",\"datatable_result_start\":\"\",\"datatable_result_of\":\"\",\"datatable_result_to\":\"\",\"datatable_result_total\":\"\",\"datatable_result_show\":\"\",\"datatable_result_entries\":\"\",\"wpgmza_savemap\":\"Karte speichern \\u00bb\",\"wpgmza_ugm_upload_images\":2,\"wpgmza_ugm_link_enabled\":\"2\",\"wpgmza_ugm_desc_enabled\":\"1\",\"wpgmza_ugm_form_header\":\"\",\"wpgmza_ugm_form_title\":\"\",\"wpgmza_ugm_form_title_ph\":\"\",\"wpgmza_ugm_form_address\":\"\",\"wpgmza_ugm_form_address_ph\":\"\",\"wpgmza_ugm_form_address_help\":\"\",\"wpgmza_ugm_form_desc\":\"\",\"wpgmza_ugm_form_link\":\"\",\"wpgmza_ugm_form_link_ph\":\"\",\"wpgmza_ugm_form_image\":\"\",\"wpgmza_ugm_form_category\":\"\",\"zoom_after_ugm_submission\":\"0\",\"wpgmza_iw_type\":\"1\"}}' data-map-id='5' data-shortcode-attributes='{\"id\":\"5\"}'> <\/div>\r\n            \r\n            <div data-wpgmza-table data-wpgmza-php-class=\"WPGMZA\\MarkerListing\\AdvancedTable\" data-wpgmza-rest-api-route=\"\/datatables\/\" data-wpgmza-datatable=\"true\" data-wpgmza-pro-datatable=\"true\" data-wpgmza-feature-type=\"marker\" id=\"wpgmza_marker_holder_5\" class=\"wpgmza_marker_holder\" style=\"width:100%;\" data-wpgmza-ajax-parameters='{\"map_id\":\"5\"}'>\r\n\t\t\t<table class=\"responsive wpgmza_table\" id=\"wpgmza_table_5\" cellspacing=\"0\" cellpadding=\"0\" style=\"width:100%;\">\r\n\t\t\t\t<thead>\r\n\t\t\t\t<th data-wpgmza-column-name=\"icon\" id=\"wpgmza_map_list_icon\" class=\"wpgmza_table_marker\"><\/th><th data-wpgmza-column-name=\"title\" id=\"wpgmza_map_list_title\" class=\"all wpgmza_table_title\">Title<\/th><th data-wpgmza-column-name=\"category\" id=\"wpgmza_map_list_category\" class=\"wpgmza_table_category\">Category<\/th><th data-wpgmza-column-name=\"address\" id=\"wpgmza_map_list_address\" class=\"wpgmza_table_address\">Address<\/th><th data-wpgmza-column-name=\"description\" id=\"wpgmza_map_list_description\" class=\"wpgmza_table_description\">Description<\/th><th data-wpgmza-column-name=\"link\" id=\"wpgmza_map_list_link\" class=\"wpgmza_table_link\">Link<\/th><\/thead>\r\n\t\t\t\t\r\n\t\t\t<\/table>\r\n\t\t<\/div>   \r\n        <div style=\"display:block; width:100%;\">\r\n\t\t\t\t\r\n\t\t\t\t<div class=\"wpgmza-directions-box wpgmaps_directions_outer_div\" data-map-id=\"5\" style=\"width:100%;float:none;overflow:auto;clear:both;\" id=\"wpgmaps_directions_edit_5\">\n\t<h2 class=\"wpgmza-directions-box__title\">Get Directions<\/h2>\n\t\n\t<div class=\"wpgmza-directions-box-inner\" id=\"wpgmaps_directions_editbox_5\">\n\t\t<div class=\"wpgmza-directions-actions wpgmza-form-field\">\n\t\t\t<div class=\"wpgmza-directions__travel-mode\">\n\t\t\t\t<span class=\"wpgmza-travel-mode-option wpgmza-travel-option__selected\" data-mode=\"driving\">\n\t\t\t\t\t<img decoding=\"async\" src=\"https:\/\/zweenhalb.de\/wp-content\/plugins\/wp-google-maps-pro\/images\/icons\/directions_car.png\">\n\t\t\t\t<\/span>\n\t\t\t\t<span class=\"wpgmza-travel-mode-option\" data-mode=\"walking\">\n\t\t\t\t\t<img decoding=\"async\" src=\"https:\/\/zweenhalb.de\/wp-content\/plugins\/wp-google-maps-pro\/images\/icons\/directions_walking.png\">\n\t\t\t\t<\/span>\n\t\t\t\t<span class=\"wpgmza-travel-mode-option\" data-mode=\"transit\">\n\t\t\t\t\t<img decoding=\"async\" src=\"https:\/\/zweenhalb.de\/wp-content\/plugins\/wp-google-maps-pro\/images\/icons\/directions_transit.png\">\n\t\t\t\t<\/span>\n\t\t\t\t<span class=\"wpgmza-travel-mode-option\" data-mode=\"bicycling\">\n\t\t\t\t\t<img decoding=\"async\" src=\"https:\/\/zweenhalb.de\/wp-content\/plugins\/wp-google-maps-pro\/images\/icons\/directions_bike.png\">\n\t\t\t\t<\/span>\n\t\t\t<\/div>\n\n\t\t\t<div class=\"wpgmza-directions-locations\">\n\t\t\t\t<div class=\"wpgmza-directions-from wpgmza-form-field\">\n\n\t\t\t\t\t<i class=\"wpgmza-directions-from__icon fa fa-circle\"><\/i>\n\t\t\t\n\t\t\t\t\t<label class=\"wpgmza-form-field__label\" for=\"wpgmza_input_from_5\">\n\t\t\t\t\t\tFrom\t\t\t\t\t<\/label>\n\t\t\t\t\t\n\t\t\t\t\t<input class=\"wpgmza-address wpgmza-directions-from wpgmza-form-field__input\" type=\"text\" placeholder=\"From\" value=\"\" id=\"wpgmza_input_from_5\" aria-label=\"From\">\n\t\t\t\t\n\t\t\t\t<\/div>\n\n\t\t\t\t<div class=\"wpgmza-directions-to wpgmza-form-field wpgmaps_to_row\">\n\n\t\t\t\t\t<i class=\"wpgmza-directions-to__icon fa fas fa-map-marker\"><\/i>\n\n\t\t\t\t\t<label class=\"wpgmza-form-field__label\" for=\"wpgmza_input_to_5\">\n\t\t\t\t\t\tTo\t\t\t\t\t<\/label>\n\t\t\t\t\t<input class=\"wpgmza-address wpgmza-form-field__input wpgmza-directions-to\" type=\"text\" placeholder=\"To\" value=\"Krefelder Str. 11A, 10555 Berlin, Deutschland\" id=\"wpgmza_input_to_5\" aria-label=\"To\">\n\t\t\t\t<\/div>\n\t\t\t\t\n\t\t\t\t<div class=\"wpgmza-waypoint-via wpgmza-form-field wpgmza-form-field--no-pad wpgmaps_via wpgmaps_template\">\n\n\t\t\t\t\t<i class=\"wpgmza-directions-from__icon fa fa-circle\"><\/i>\n\t\t\t\t\n\t\t\t\t\t<input class=\"wpgmza-waypoint-via wpgmza-form-field__input wpgmaps_via\" type=\"text\" placeholder=\"Via\">\n\t\t\t\t\t\n\t\t\t\t\t<button href=\"javascript:%20;\" class=\"wpgmza_remove_via\">\n\t\t\t\t\t\t<i class=\"fa fa-times\"><\/i>\n\t\t\t\t\t<\/button>\n\t\t\t\t\t\n\t\t\t\t<\/div>\n\t\t\t\t\n\t\t\t\t<div class=\"wpgmza-add-waypoint wpgmza-form-field wpgmza-form-field--no-pad wpgmaps_add_waypoint\">\n\t\t\t\t\t<div class=\"wpgmaps_add_waypoint\">\n\t\t\t\t\t\t<a href=\"javascript:%20;\" class=\"wpgmaps_add_waypoint\" mapid=\"5\">\n\t\t\t\t\t\t\t<i class=\"fa fa-plus-circle\" aria-hidden=\"true\"><\/i>\n\t\t\t\t\t\t\tAdd Waypoint\t\t\t\t\t\t<\/a>\n\t\t\t\t\t<\/div>\n\t\t\t\t<\/div>\n\t\t\t<\/div>\n\n\t\t\t<div class=\"wpgmza-hidden\">\n\t\t\t<label class=\"wpgmza-travel-mode wpgmza-form-field__label\" for=\"wpgmza_dir_type_5\">\n\t\t\t\tFor\t\t\t<\/label>\n\t\t\t<select class=\"wpgmza-travel-mode wpgmza-form-field__input\" name=\"wpgmza_dir_type_5\" id=\"wpgmza_dir_type_5\" aria-label=\"For\">\n\t\t\t\t<option value=\"driving\">\n\t\t\t\t\tDriving\t\t\t\t<\/option>\n\t\t\t\t<option value=\"walking\">\n\t\t\t\t\tWalking\t\t\t\t<\/option>\n\t\t\t\t\n\t\t\t\t<option value=\"bicycling\">\n\t\t\t\t\tBicycling\t\t\t\t<\/option>\n\t\t\t<\/select>\n\t\t\t<\/div>\n\t\t<\/div>\n\t\t\t\n\t\t<div class=\"wpgmza-directions-options__section\">\n\t\t\t<a href=\"javascript:;\" class=\"wpgmza-show-directions-options\" id=\"wpgmza_show_options_5\" mapid=\"5\">\n\t\t\t\tshow options\t\t\t<\/a>\n\t\t\t\n\t\t\t<a href=\"javascript:;\" class=\"wpgmza-hide-directions-options\" id=\"wpgmza_hide_options_5\" mapid=\"5\">\n\t\t\t\thide options\t\t\t<\/a>\n\t\t\t\n\t\t\t<div class=\"wpgmza-directions-options wpgmza-form-field wpgmza-form-field--no-pad wpgmza_dir_options\">\n\t\t\t\t<label class=\"class\">\n\t\t\t\t\t<input type=\"checkbox\" class=\"wpgmza-avoid-tolls\" value=\"tolls\" name=\"wpgmza_tolls_5\" id=\"wpgmza_tolls_5\">\n\t\t\t\t\tAvoid Tolls\t\t\t\t<\/label>\n\t\t\t\t<label class=\"class\">\n\t\t\t\t\t<input type=\"checkbox\" class=\"wpgmza-avoid-highways\" value=\"highways\" name=\"wpgmza_highways_5\" id=\"wpgmza_highways_5\">\n\t\t\t\t\tAvoid Highways\t\t\t\t<\/label>\n\t\t\t\t<label class=\"class\">\n\t\t\t\t\t<input type=\"checkbox\" class=\"wpgmza-avoid-ferries\" value=\"ferries\" name=\"wpgmza_ferries_5\" id=\"wpgmza_ferries_5\">\n\t\t\t\t\tAvoid Ferries\t\t\t\t<\/label>\n\t\t\t<\/div>\n\t\t<\/div>\n\t\t\n\t<\/div>\n\t\n\t<div class=\"wpgmza-directions-buttons wpgmza-form-field wpgmaps_to_row\">\n\t\t<input class=\"wpgmza-get-directions wpgmaps_get_directions\" onclick=\"javascript: ;\" type=\"button\" value=\"Go\" id=\"5\">\n\t\t\n\t\t<span class=\"wpgmza-directions-result__buttons\">\n\t\t\t<a class=\"wpgmza-print-directions\" style=\"display: none;\" onclick=\"javascript: ;\" mapid=\"5\">\n\t\t\t\tPrint directions\t\t\t<\/a>\n\t\t\t\n\t\t\t<a class=\"wpgmza-reset-directions\" style=\"display: none;\" onclick=\"javascript: ;\" mapid=\"5\">\n\t\t\t\tReset directions\t\t\t<\/a>\n\t\t<\/span>\n\t<\/div>\n<\/div>\r\n\t\t\t\t\r\n\t\t\t\t<div id=\"wpgmaps_directions_notification_5\" style=\"display:none;\">Fetching directions......<\/div>\r\n\t\t\t\t\r\n\t\t\t\t<div id=\"wpgmaps_directions_reset_5\" style=\"display:none;\">\r\n\r\n\t\t\t\t\t<a href='javascript:void(0)' onclick='wpgmza_reset_directions(5);' id='wpgmaps_reset_directions' title='Reset directions'>Reset directions<\/a>\r\n\t\t\t\t\t<br \/>\r\n\t\t\t\t\t<a href='javascript: ;' id='wpgmaps_print_directions_5' target='_blank' title='Print directions'>Print directions<\/a>\r\n\t\t\t\t<\/div>\r\n\t\t\t\t\r\n\t\t\t\t<div id=\"directions_panel_5\"><\/div>\r\n\r\n\t\t\t<\/div>\n<div style=\"width: 300px; height: 250px; overflow: hidden;\">\n<div style=\"position: relative; top: 0px; left: 0px; width: 300px; height: 221px;\">\n<p><iframe src=\"https:\/\/kachelmannwetter.com\/widget\/rectangle\/2950159\" width=\"300\" height=\"221\" frameborder=\"no\" marginheight=\"0\" scrolling=\"no\"><\/iframe><\/p>\n<div style=\"position: absolute; top: 221px; left: 0px; width: 300px; height: 29px;\"><a style=\"border: 0px;\" href=\"https:\/\/kachelmannwetter.com\/de\/\" target=\"_blank\" rel=\"noopener\"><img decoding=\"async\" style=\"border: 0px;\" src=\"https:\/\/kachelmannwetter.com\/images\/widgets\/kachelmannwetter-logo.png\" alt=\"kachelmannwetter.com\" width=\"300\" height=\"29\" border=\"0\" \/><\/a><\/div>\n<\/div>\n<\/div>\n<\/div><\/div><\/div><\/div><\/div>\n","protected":false},"excerpt":{"rendered":"","protected":false},"author":1,"featured_media":0,"parent":18436,"menu_order":0,"comment_status":"closed","ping_status":"closed","template":"","meta":{"jetpack_post_was_ever_published":false,"footnotes":""},"class_list":["post-18451","page","type-page","status-publish","hentry"],"yoast_head":"<!-- This site is optimized with the Yoast SEO plugin v27.3 - https:\/\/yoast.com\/product\/yoast-seo-wordpress\/ -->\n<title>The barbecue place finder, where can you and where can you barbecue!<\/title>\n<meta name=\"description\" content=\"Barbecue is becoming more and more popular, but where to go? Park, beach or the quarry pond? We have collected a few places here. The interactive place finder!\" \/>\n<meta name=\"robots\" content=\"index, follow, max-snippet:-1, max-image-preview:large, max-video-preview:-1\" \/>\n<link rel=\"canonical\" href=\"https:\/\/zweenhalb.de\/en\/info\/barbecue-placefinder\/\" \/>\n<meta name=\"twitter:label1\" content=\"Est. reading time\" \/>\n\t<meta name=\"twitter:data1\" content=\"1 minute\" \/>\n<script type=\"application\/ld+json\" class=\"yoast-schema-graph\">{\"@context\":\"https:\\\/\\\/schema.org\",\"@graph\":[{\"@type\":\"WebPage\",\"@id\":\"https:\\\/\\\/zweenhalb.de\\\/en\\\/info\\\/barbecue-placefinder\\\/\",\"url\":\"https:\\\/\\\/zweenhalb.de\\\/en\\\/info\\\/barbecue-placefinder\\\/\",\"name\":\"The barbecue place finder, where can you and where can you barbecue!\",\"isPartOf\":{\"@id\":\"https:\\\/\\\/zweenhalb.de\\\/#website\"},\"primaryImageOfPage\":{\"@id\":\"https:\\\/\\\/zweenhalb.de\\\/en\\\/info\\\/barbecue-placefinder\\\/#primaryimage\"},\"image\":{\"@id\":\"https:\\\/\\\/zweenhalb.de\\\/en\\\/info\\\/barbecue-placefinder\\\/#primaryimage\"},\"thumbnailUrl\":\"https:\\\/\\\/kachelmannwetter.com\\\/images\\\/widgets\\\/kachelmannwetter-logo.png\",\"datePublished\":\"2016-12-09T12:06:59+00:00\",\"dateModified\":\"2022-11-07T10:16:44+00:00\",\"description\":\"Barbecue is becoming more and more popular, but where to go? Park, beach or the quarry pond? We have collected a few places here. The interactive place finder!\",\"breadcrumb\":{\"@id\":\"https:\\\/\\\/zweenhalb.de\\\/en\\\/info\\\/barbecue-placefinder\\\/#breadcrumb\"},\"inLanguage\":\"en-US\",\"potentialAction\":[{\"@type\":\"ReadAction\",\"target\":[\"https:\\\/\\\/zweenhalb.de\\\/en\\\/info\\\/barbecue-placefinder\\\/\"]}]},{\"@type\":\"ImageObject\",\"inLanguage\":\"en-US\",\"@id\":\"https:\\\/\\\/zweenhalb.de\\\/en\\\/info\\\/barbecue-placefinder\\\/#primaryimage\",\"url\":\"https:\\\/\\\/kachelmannwetter.com\\\/images\\\/widgets\\\/kachelmannwetter-logo.png\",\"contentUrl\":\"https:\\\/\\\/kachelmannwetter.com\\\/images\\\/widgets\\\/kachelmannwetter-logo.png\"},{\"@type\":\"BreadcrumbList\",\"@id\":\"https:\\\/\\\/zweenhalb.de\\\/en\\\/info\\\/barbecue-placefinder\\\/#breadcrumb\",\"itemListElement\":[{\"@type\":\"ListItem\",\"position\":1,\"name\":\"Startseite\",\"item\":\"https:\\\/\\\/zweenhalb.de\\\/en\\\/\"},{\"@type\":\"ListItem\",\"position\":2,\"name\":\"Info\",\"item\":\"https:\\\/\\\/zweenhalb.de\\\/en\\\/info\\\/\"},{\"@type\":\"ListItem\",\"position\":3,\"name\":\"Barbecue site finder\"}]},{\"@type\":\"WebSite\",\"@id\":\"https:\\\/\\\/zweenhalb.de\\\/#website\",\"url\":\"https:\\\/\\\/zweenhalb.de\\\/\",\"name\":\"ZWEEnHALB - der Grill aus Berlin\",\"description\":\"Charcoal grill made of stainless steel for on the road!\",\"publisher\":{\"@id\":\"https:\\\/\\\/zweenhalb.de\\\/#organization\"},\"potentialAction\":[{\"@type\":\"SearchAction\",\"target\":{\"@type\":\"EntryPoint\",\"urlTemplate\":\"https:\\\/\\\/zweenhalb.de\\\/?s={search_term_string}\"},\"query-input\":{\"@type\":\"PropertyValueSpecification\",\"valueRequired\":true,\"valueName\":\"search_term_string\"}}],\"inLanguage\":\"en-US\"},{\"@type\":\"Organization\",\"@id\":\"https:\\\/\\\/zweenhalb.de\\\/#organization\",\"name\":\"ZWEEnHALB\",\"url\":\"https:\\\/\\\/zweenhalb.de\\\/\",\"logo\":{\"@type\":\"ImageObject\",\"inLanguage\":\"en-US\",\"@id\":\"https:\\\/\\\/zweenhalb.de\\\/#\\\/schema\\\/logo\\\/image\\\/\",\"url\":\"https:\\\/\\\/zweenhalb.de\\\/wp-content\\\/uploads\\\/2018\\\/02\\\/cropped-zweenhalb-114x114.png\",\"contentUrl\":\"https:\\\/\\\/zweenhalb.de\\\/wp-content\\\/uploads\\\/2018\\\/02\\\/cropped-zweenhalb-114x114.png\",\"width\":114,\"height\":114,\"caption\":\"ZWEEnHALB\"},\"image\":{\"@id\":\"https:\\\/\\\/zweenhalb.de\\\/#\\\/schema\\\/logo\\\/image\\\/\"}}]}<\/script>\n<!-- \/ Yoast SEO plugin. -->","yoast_head_json":{"title":"The barbecue place finder, where can you and where can you barbecue!","description":"Barbecue is becoming more and more popular, but where to go? Park, beach or the quarry pond? We have collected a few places here. The interactive place finder!","robots":{"index":"index","follow":"follow","max-snippet":"max-snippet:-1","max-image-preview":"max-image-preview:large","max-video-preview":"max-video-preview:-1"},"canonical":"https:\/\/zweenhalb.de\/en\/info\/barbecue-placefinder\/","twitter_misc":{"Est. reading time":"1 minute"},"schema":{"@context":"https:\/\/schema.org","@graph":[{"@type":"WebPage","@id":"https:\/\/zweenhalb.de\/en\/info\/barbecue-placefinder\/","url":"https:\/\/zweenhalb.de\/en\/info\/barbecue-placefinder\/","name":"The barbecue place finder, where can you and where can you barbecue!","isPartOf":{"@id":"https:\/\/zweenhalb.de\/#website"},"primaryImageOfPage":{"@id":"https:\/\/zweenhalb.de\/en\/info\/barbecue-placefinder\/#primaryimage"},"image":{"@id":"https:\/\/zweenhalb.de\/en\/info\/barbecue-placefinder\/#primaryimage"},"thumbnailUrl":"https:\/\/kachelmannwetter.com\/images\/widgets\/kachelmannwetter-logo.png","datePublished":"2016-12-09T12:06:59+00:00","dateModified":"2022-11-07T10:16:44+00:00","description":"Barbecue is becoming more and more popular, but where to go? Park, beach or the quarry pond? We have collected a few places here. The interactive place finder!","breadcrumb":{"@id":"https:\/\/zweenhalb.de\/en\/info\/barbecue-placefinder\/#breadcrumb"},"inLanguage":"en-US","potentialAction":[{"@type":"ReadAction","target":["https:\/\/zweenhalb.de\/en\/info\/barbecue-placefinder\/"]}]},{"@type":"ImageObject","inLanguage":"en-US","@id":"https:\/\/zweenhalb.de\/en\/info\/barbecue-placefinder\/#primaryimage","url":"https:\/\/kachelmannwetter.com\/images\/widgets\/kachelmannwetter-logo.png","contentUrl":"https:\/\/kachelmannwetter.com\/images\/widgets\/kachelmannwetter-logo.png"},{"@type":"BreadcrumbList","@id":"https:\/\/zweenhalb.de\/en\/info\/barbecue-placefinder\/#breadcrumb","itemListElement":[{"@type":"ListItem","position":1,"name":"Startseite","item":"https:\/\/zweenhalb.de\/en\/"},{"@type":"ListItem","position":2,"name":"Info","item":"https:\/\/zweenhalb.de\/en\/info\/"},{"@type":"ListItem","position":3,"name":"Barbecue site finder"}]},{"@type":"WebSite","@id":"https:\/\/zweenhalb.de\/#website","url":"https:\/\/zweenhalb.de\/","name":"ZWEEnHALB - der Grill aus Berlin","description":"Charcoal grill made of stainless steel for on the road!","publisher":{"@id":"https:\/\/zweenhalb.de\/#organization"},"potentialAction":[{"@type":"SearchAction","target":{"@type":"EntryPoint","urlTemplate":"https:\/\/zweenhalb.de\/?s={search_term_string}"},"query-input":{"@type":"PropertyValueSpecification","valueRequired":true,"valueName":"search_term_string"}}],"inLanguage":"en-US"},{"@type":"Organization","@id":"https:\/\/zweenhalb.de\/#organization","name":"ZWEEnHALB","url":"https:\/\/zweenhalb.de\/","logo":{"@type":"ImageObject","inLanguage":"en-US","@id":"https:\/\/zweenhalb.de\/#\/schema\/logo\/image\/","url":"https:\/\/zweenhalb.de\/wp-content\/uploads\/2018\/02\/cropped-zweenhalb-114x114.png","contentUrl":"https:\/\/zweenhalb.de\/wp-content\/uploads\/2018\/02\/cropped-zweenhalb-114x114.png","width":114,"height":114,"caption":"ZWEEnHALB"},"image":{"@id":"https:\/\/zweenhalb.de\/#\/schema\/logo\/image\/"}}]}},"jetpack_sharing_enabled":true,"_links":{"self":[{"href":"https:\/\/zweenhalb.de\/en\/wp-json\/wp\/v2\/pages\/18451","targetHints":{"allow":["GET"]}}],"collection":[{"href":"https:\/\/zweenhalb.de\/en\/wp-json\/wp\/v2\/pages"}],"about":[{"href":"https:\/\/zweenhalb.de\/en\/wp-json\/wp\/v2\/types\/page"}],"author":[{"embeddable":true,"href":"https:\/\/zweenhalb.de\/en\/wp-json\/wp\/v2\/users\/1"}],"replies":[{"embeddable":true,"href":"https:\/\/zweenhalb.de\/en\/wp-json\/wp\/v2\/comments?post=18451"}],"version-history":[{"count":7,"href":"https:\/\/zweenhalb.de\/en\/wp-json\/wp\/v2\/pages\/18451\/revisions"}],"predecessor-version":[{"id":24061,"href":"https:\/\/zweenhalb.de\/en\/wp-json\/wp\/v2\/pages\/18451\/revisions\/24061"}],"up":[{"embeddable":true,"href":"https:\/\/zweenhalb.de\/en\/wp-json\/wp\/v2\/pages\/18436"}],"wp:attachment":[{"href":"https:\/\/zweenhalb.de\/en\/wp-json\/wp\/v2\/media?parent=18451"}],"curies":[{"name":"wp","href":"https:\/\/api.w.org\/{rel}","templated":true}]}}