{"id":18202,"date":"2016-04-20T12:14:09","date_gmt":"2016-04-20T10:14:09","guid":{"rendered":"https:\/\/grill.philippsack.de\/?page_id=18202\/"},"modified":"2022-04-01T15:24:22","modified_gmt":"2022-04-01T13:24:22","slug":"terms-conditions","status":"publish","type":"page","link":"https:\/\/zweenhalb.de\/en\/terms-conditions\/","title":{"rendered":"General terms and conditions and revocation"},"content":{"rendered":"<div class=\"fusion-fullwidth fullwidth-box fusion-builder-row-1 fusion-flex-container nonhundred-percent-fullwidth non-hundred-percent-height-scrolling\" style=\"--awb-border-radius-top-left:0px;--awb-border-radius-top-right:0px;--awb-border-radius-bottom-right:0px;--awb-border-radius-bottom-left:0px;--awb-flex-wrap:wrap;\" ><div class=\"fusion-builder-row fusion-row fusion-flex-align-items-flex-start fusion-flex-content-wrap\" style=\"max-width:1144px;margin-left: calc(-4% \/ 2 );margin-right: calc(-4% \/ 2 );\"><div class=\"fusion-layout-column fusion_builder_column fusion-builder-column-0 fusion_builder_column_1_1 1_1 fusion-flex-column\" style=\"--awb-bg-size:cover;--awb-width-large:100%;--awb-margin-top-large:0px;--awb-spacing-right-large:1.92%;--awb-margin-bottom-large:0px;--awb-spacing-left-large:1.92%;--awb-width-medium:100%;--awb-spacing-right-medium:1.92%;--awb-spacing-left-medium:1.92%;--awb-width-small:100%;--awb-spacing-right-small:1.92%;--awb-spacing-left-small:1.92%;\"><div class=\"fusion-column-wrapper fusion-flex-justify-content-flex-start fusion-content-layout-column\"><div class=\"fusion-text fusion-text-1\" style=\"--awb-text-transform:none;\"><p><strong>\u00a71 Eigentumsvorbehalt<\/strong><\/p>\n<p>Bis zur vollst\u00e4ndigen Erf\u00fcllung der Kaufpreisforderung durch den Besteller verbleibt die gelieferte Ware im Eigentum des Verk\u00e4ufers.<\/p>\n<p><strong>\u00a72 Gew\u00e4hrleistung<\/strong><\/p>\n<p>Liegt ein Mangel der Kaufsache vor, gelten die gesetzlichen Gew\u00e4hrleistungsvorschriften der \u00a7\u00a7 434 ff. BGB.<\/p>\n<p><strong>\u00a73 Anwendbares Recht und Gerichtsstand<\/strong><\/p>\n<p>Es gilt das Recht der Bundesrepublik Deutschland unter Ausschluss des UN-Kaufrechts.<\/p>\n<p>Ist der Kunde Kaufmann oder juristische Person des \u00f6ffentlichen Rechts, ist ausschlie\u00dflicher Gerichtsstand f\u00fcr alle Streitigkeiten aus dem Vertragsverh\u00e4ltnis das f\u00fcr unseren Firmensitz (Berlin) zust\u00e4ndige Gericht.<\/p>\n<p><strong>Widerrufsbelehrung<\/strong><\/p>\n<p>Verbraucher haben ein 14-t\u00e4giges Widerrufsrecht.<\/p>\n<p><strong>Widerrufsrecht<\/strong><\/p>\n<p>Sie haben das Recht, binnen vierzehn Tagen ohne Angabe von Gr\u00fcnden den Vertrag zu widerrufen.<\/p>\n<p>Die Widerrufsfrist betr\u00e4gt vierzehn Tage ab dem Tag, an dem Sie oder ein von Ihnen benannter Dritter, der nicht der Bef\u00f6rderer ist, die Waren in Besitz genommen haben bzw. hat.<\/p>\n<p>Um Ihr Widerrufsrecht auszu\u00fcben, m\u00fcssen Sie uns \u2013<\/p>\n<p>PR-IDE GbR, Krefelder Stra\u00dfe 11A, 101555 Berlin<\/p>\n<p>mittels einer eindeutigen Erkl\u00e4rung (z.B. ein mit der Post versandter Brief, Telefax oder E-Mail) \u00fcber Ihren Entschluss, den Vertrag zu widerrufen, informieren.<\/p>\n<p>Sie k\u00f6nnen daf\u00fcr das bereitgestellte Muster-Widerrufsformular verwenden, das jedoch nicht vorgeschrieben ist; ferner k\u00f6nnen den Widerspruch auch telefonisch an uns \u00fcbermitteln.<\/p>\n<p>Zur Wahrung der Widerrufsfrist reicht es aus, dass Sie die Mitteilung \u00fcber die Aus\u00fcbung des Widerrufsrechts vor Ablauf der Widerrufsfrist absenden.<\/p>\n<p>Der Widerruf ist zu richten an:<\/p>\n<p>PR-IDE GbR<br \/>\n<strong>Postanschrift<\/strong>:<br \/>\nKrefelder Stra\u00dfe 11A<br \/>\n10555 Berlin<\/p>\n<p><a href=\"mailto:info@pr-ide.de\">info@pr-ide.de<\/a><\/p>\n<p>tel +49306860203 fax +49306860207<\/p>\n<p>Plattform der EU-Kommission zur Online-Streitbeilegung: <a href=\"http:\/\/www.ec.europa.eu\/consumers\/odr\">www.ec.europa.eu\/consumers\/odr<\/a><\/p>\n<p><strong>Widerrufsfolgen<\/strong><\/p>\n<p>Wenn Sie den Vertrag widerrufen, haben wir Ihnen alle Zahlungen, die wir von Ihnen erhalten haben, einschlie\u00dflich der Lieferkosten (mit Ausnahme der zus\u00e4tzlichen Kosten, die sich daraus ergeben, dass Sie eine andere Art der Lieferung als die von uns angebotene, g\u00fcnstigste Standardlieferung gew\u00e4hlt haben), unverz\u00fcglich und sp\u00e4testens binnen vierzehn Tagen ab dem Tag zur\u00fcckzuzahlen, an dem die Mitteilung \u00fcber Ihren Widerruf dieses Vertrags bei uns eingegangen ist.<\/p>\n<p>F\u00fcr diese R\u00fcckzahlung verwenden wir dasselbe Zahlungsmittel, das Sie bei der urspr\u00fcnglichen Transaktion eingesetzt haben, es sei denn, mit Ihnen wurde ausdr\u00fccklich etwas anderes vereinbart; in keinem Fall werden Ihnen wegen dieser R\u00fcckzahlung Entgelte berechnet.<\/p>\n<p>Wir k\u00f6nnen die R\u00fcckzahlung verweigern, bis wir die Waren wieder zur\u00fcckerhalten haben oder bis Sie den Nachweis erbracht haben, dass Sie die Waren zur\u00fcckgesandt haben, je nachdem, welches der fr\u00fchere Zeitpunkt ist.<\/p>\n<p>Sie haben die Waren unverz\u00fcglich und in jedem Fall sp\u00e4testens binnen vierzehn Tagen ab dem Tag, an dem Sie uns \u00fcber den Widerruf dieses Vertrags unterrichten, an uns zur\u00fcckzusenden oder zu \u00fcbergeben. Die Frist ist gewahrt, wenn Sie die Waren vor Ablauf der Frist von vierzehn Tagen absenden.<\/p>\n<p>Sie tragen die unmittelbaren Kosten der R\u00fccksendung der Waren.<\/p>\n<p>Sie m\u00fcssen f\u00fcr einen etwaigen Wertverlust der Waren nur aufkommen, wenn dieser Wertverlust auf einen zur Pr\u00fcfung der Beschaffenheit, Eigenschaften und Funktionsweise der Waren nicht notwendigen Umgang mit ihnen zur\u00fcckzuf\u00fchren ist.<\/p>\n<p>Ende der Widerrufsbelehrung<\/p>\n<p>Das Widerspruchsformular k\u00f6nnen Sie auch<a href=\"https:\/\/zweenhalb.de\/wp-content\/uploads\/2016\/06\/Wideruf.pdf\"> hier laden<\/a>!<\/p>\n<\/div><div class=\"fusion-menu-anchor\" id=\"#gewinnspiel\"><\/div><div class=\"fusion-text fusion-text-2\" style=\"--awb-text-transform:none;\"><h3 id=\"gewinns\"><strong>Hinweis zu Gewinnspielen auf dieser Seite:<\/strong><\/h3>\n<p>F\u00fcr die Gewinnauslosung werden ausschlie\u00dflich Onlineregistrierungen zugelassen. Personenbezogene Daten werden ausschlie\u00dflich zur Abwicklung des Gewinnspieles gespeichert und keinesfalls an Dritte weitergegeben. Die Teilnahme am Gewinnspiel garantiert keinen Gewinn. Eine Barauszahlung der Gewinne ist nicht m\u00f6glich. Der Rechtsweg ist ausgeschlossen. Die Gewinne werden an die im Teilnahmeformular angegebene Adresse geliefert. Der Erwerb von Produkten und Dienstleistungen k\u00f6nnen den Ausgang des Gewinnspiels nicht beeintr\u00e4chtigen.\u00a0Der Teilnehmer erkl\u00e4rt sich einverstanden, dass sein Name im Fall des Gewinns auf der Website auf der dieser Hinweis gelesen wird ver\u00f6ffentlicht wird.\u00a0<b>Eine Auslieferung von Gewinnen kann nur innerhalb Deutschlands erfolgen.<\/b><\/p>\n<\/div><\/div><\/div><\/div><\/div>\n","protected":false},"excerpt":{"rendered":"","protected":false},"author":1,"featured_media":0,"parent":0,"menu_order":0,"comment_status":"closed","ping_status":"closed","template":"","meta":{"jetpack_post_was_ever_published":false,"footnotes":""},"class_list":["post-18202","page","type-page","status-publish","hentry"],"yoast_head":"<!-- This site is optimized with the Yoast SEO plugin v27.3 - https:\/\/yoast.com\/product\/yoast-seo-wordpress\/ -->\n<title>General terms and conditions and revocation - ZWEEnHALB - der Grill aus Berlin<\/title>\n<meta name=\"robots\" content=\"index, follow, max-snippet:-1, max-image-preview:large, max-video-preview:-1\" \/>\n<link rel=\"canonical\" href=\"https:\/\/zweenhalb.de\/en\/terms-conditions\/\" \/>\n<meta name=\"twitter:label1\" content=\"Est. reading time\" \/>\n\t<meta name=\"twitter:data1\" content=\"5 minutes\" \/>\n<script type=\"application\/ld+json\" class=\"yoast-schema-graph\">{\"@context\":\"https:\\\/\\\/schema.org\",\"@graph\":[{\"@type\":\"WebPage\",\"@id\":\"https:\\\/\\\/zweenhalb.de\\\/en\\\/terms-conditions\\\/\",\"url\":\"https:\\\/\\\/zweenhalb.de\\\/en\\\/terms-conditions\\\/\",\"name\":\"General terms and conditions and revocation - ZWEEnHALB - der Grill aus Berlin\",\"isPartOf\":{\"@id\":\"https:\\\/\\\/zweenhalb.de\\\/#website\"},\"datePublished\":\"2016-04-20T10:14:09+00:00\",\"dateModified\":\"2022-04-01T13:24:22+00:00\",\"breadcrumb\":{\"@id\":\"https:\\\/\\\/zweenhalb.de\\\/en\\\/terms-conditions\\\/#breadcrumb\"},\"inLanguage\":\"en-US\",\"potentialAction\":[{\"@type\":\"ReadAction\",\"target\":[\"https:\\\/\\\/zweenhalb.de\\\/en\\\/terms-conditions\\\/\"]}]},{\"@type\":\"BreadcrumbList\",\"@id\":\"https:\\\/\\\/zweenhalb.de\\\/en\\\/terms-conditions\\\/#breadcrumb\",\"itemListElement\":[{\"@type\":\"ListItem\",\"position\":1,\"name\":\"Startseite\",\"item\":\"https:\\\/\\\/zweenhalb.de\\\/en\\\/\"},{\"@type\":\"ListItem\",\"position\":2,\"name\":\"General terms and conditions and revocation\"}]},{\"@type\":\"WebSite\",\"@id\":\"https:\\\/\\\/zweenhalb.de\\\/#website\",\"url\":\"https:\\\/\\\/zweenhalb.de\\\/\",\"name\":\"ZWEEnHALB - der Grill aus Berlin\",\"description\":\"Charcoal grill made of stainless steel for on the road!\",\"publisher\":{\"@id\":\"https:\\\/\\\/zweenhalb.de\\\/#organization\"},\"potentialAction\":[{\"@type\":\"SearchAction\",\"target\":{\"@type\":\"EntryPoint\",\"urlTemplate\":\"https:\\\/\\\/zweenhalb.de\\\/?s={search_term_string}\"},\"query-input\":{\"@type\":\"PropertyValueSpecification\",\"valueRequired\":true,\"valueName\":\"search_term_string\"}}],\"inLanguage\":\"en-US\"},{\"@type\":\"Organization\",\"@id\":\"https:\\\/\\\/zweenhalb.de\\\/#organization\",\"name\":\"ZWEEnHALB\",\"url\":\"https:\\\/\\\/zweenhalb.de\\\/\",\"logo\":{\"@type\":\"ImageObject\",\"inLanguage\":\"en-US\",\"@id\":\"https:\\\/\\\/zweenhalb.de\\\/#\\\/schema\\\/logo\\\/image\\\/\",\"url\":\"https:\\\/\\\/zweenhalb.de\\\/wp-content\\\/uploads\\\/2018\\\/02\\\/cropped-zweenhalb-114x114.png\",\"contentUrl\":\"https:\\\/\\\/zweenhalb.de\\\/wp-content\\\/uploads\\\/2018\\\/02\\\/cropped-zweenhalb-114x114.png\",\"width\":114,\"height\":114,\"caption\":\"ZWEEnHALB\"},\"image\":{\"@id\":\"https:\\\/\\\/zweenhalb.de\\\/#\\\/schema\\\/logo\\\/image\\\/\"}}]}<\/script>\n<!-- \/ Yoast SEO plugin. -->","yoast_head_json":{"title":"General terms and conditions and revocation - ZWEEnHALB - der Grill aus Berlin","robots":{"index":"index","follow":"follow","max-snippet":"max-snippet:-1","max-image-preview":"max-image-preview:large","max-video-preview":"max-video-preview:-1"},"canonical":"https:\/\/zweenhalb.de\/en\/terms-conditions\/","twitter_misc":{"Est. reading time":"5 minutes"},"schema":{"@context":"https:\/\/schema.org","@graph":[{"@type":"WebPage","@id":"https:\/\/zweenhalb.de\/en\/terms-conditions\/","url":"https:\/\/zweenhalb.de\/en\/terms-conditions\/","name":"General terms and conditions and revocation - ZWEEnHALB - der Grill aus Berlin","isPartOf":{"@id":"https:\/\/zweenhalb.de\/#website"},"datePublished":"2016-04-20T10:14:09+00:00","dateModified":"2022-04-01T13:24:22+00:00","breadcrumb":{"@id":"https:\/\/zweenhalb.de\/en\/terms-conditions\/#breadcrumb"},"inLanguage":"en-US","potentialAction":[{"@type":"ReadAction","target":["https:\/\/zweenhalb.de\/en\/terms-conditions\/"]}]},{"@type":"BreadcrumbList","@id":"https:\/\/zweenhalb.de\/en\/terms-conditions\/#breadcrumb","itemListElement":[{"@type":"ListItem","position":1,"name":"Startseite","item":"https:\/\/zweenhalb.de\/en\/"},{"@type":"ListItem","position":2,"name":"General terms and conditions and revocation"}]},{"@type":"WebSite","@id":"https:\/\/zweenhalb.de\/#website","url":"https:\/\/zweenhalb.de\/","name":"ZWEEnHALB - der Grill aus Berlin","description":"Charcoal grill made of stainless steel for on the road!","publisher":{"@id":"https:\/\/zweenhalb.de\/#organization"},"potentialAction":[{"@type":"SearchAction","target":{"@type":"EntryPoint","urlTemplate":"https:\/\/zweenhalb.de\/?s={search_term_string}"},"query-input":{"@type":"PropertyValueSpecification","valueRequired":true,"valueName":"search_term_string"}}],"inLanguage":"en-US"},{"@type":"Organization","@id":"https:\/\/zweenhalb.de\/#organization","name":"ZWEEnHALB","url":"https:\/\/zweenhalb.de\/","logo":{"@type":"ImageObject","inLanguage":"en-US","@id":"https:\/\/zweenhalb.de\/#\/schema\/logo\/image\/","url":"https:\/\/zweenhalb.de\/wp-content\/uploads\/2018\/02\/cropped-zweenhalb-114x114.png","contentUrl":"https:\/\/zweenhalb.de\/wp-content\/uploads\/2018\/02\/cropped-zweenhalb-114x114.png","width":114,"height":114,"caption":"ZWEEnHALB"},"image":{"@id":"https:\/\/zweenhalb.de\/#\/schema\/logo\/image\/"}}]}},"jetpack_sharing_enabled":true,"_links":{"self":[{"href":"https:\/\/zweenhalb.de\/en\/wp-json\/wp\/v2\/pages\/18202","targetHints":{"allow":["GET"]}}],"collection":[{"href":"https:\/\/zweenhalb.de\/en\/wp-json\/wp\/v2\/pages"}],"about":[{"href":"https:\/\/zweenhalb.de\/en\/wp-json\/wp\/v2\/types\/page"}],"author":[{"embeddable":true,"href":"https:\/\/zweenhalb.de\/en\/wp-json\/wp\/v2\/users\/1"}],"replies":[{"embeddable":true,"href":"https:\/\/zweenhalb.de\/en\/wp-json\/wp\/v2\/comments?post=18202"}],"version-history":[{"count":3,"href":"https:\/\/zweenhalb.de\/en\/wp-json\/wp\/v2\/pages\/18202\/revisions"}],"predecessor-version":[{"id":23597,"href":"https:\/\/zweenhalb.de\/en\/wp-json\/wp\/v2\/pages\/18202\/revisions\/23597"}],"wp:attachment":[{"href":"https:\/\/zweenhalb.de\/en\/wp-json\/wp\/v2\/media?parent=18202"}],"curies":[{"name":"wp","href":"https:\/\/api.w.org\/{rel}","templated":true}]}}